{"id":433,"date":"2020-08-10T10:06:20","date_gmt":"2020-08-10T14:06:20","guid":{"rendered":"https:\/\/ndicorp2020.wpengine.com\/?page_id=433"},"modified":"2026-04-29T10:57:07","modified_gmt":"2026-04-29T14:57:07","slug":"software","status":"publish","type":"page","link":"https:\/\/www.ndigital.com\/de\/software\/","title":{"rendered":"Developer Software Packages"},"content":{"rendered":"<div data-elementor-type=\"wp-page\" data-elementor-id=\"433\" class=\"elementor elementor-433\" data-elementor-post-type=\"page\">\n\t\t\t\t\t\t<section class=\"elementor-section elementor-top-section elementor-element elementor-element-ba09125 elementor-section-height-min-height elementor-reverse-mobile elementor-section-boxed elementor-section-height-default elementor-section-items-middle\" data-id=\"ba09125\" data-element_type=\"section\" data-e-type=\"section\" data-settings=\"{&quot;background_background&quot;:&quot;classic&quot;}\" data-no-translation=\"\">\n\t\t\t\t\t\t\t<div class=\"elementor-background-overlay\"><\/div>\n\t\t\t\t\t\t\t<div class=\"elementor-container elementor-column-gap-default\">\n\t\t\t\t\t<div class=\"elementor-column elementor-col-50 elementor-top-column elementor-element elementor-element-2a1c833\" data-id=\"2a1c833\" data-element_type=\"column\" data-e-type=\"column\">\n\t\t\t<div class=\"elementor-widget-wrap elementor-element-populated\">\n\t\t\t\t\t\t<div class=\"elementor-element elementor-element-92260f4 elementor-widget elementor-widget-heading\" data-id=\"92260f4\" data-element_type=\"widget\" data-e-type=\"widget\" data-widget_type=\"heading.default\">\n\t\t\t\t<div class=\"elementor-widget-container\">\n\t\t\t\t\t<h1 class=\"elementor-heading-title elementor-size-default\">Software-Pakete f\u00fcr Entwickler*innen<\/h1>\t\t\t\t<\/div>\n\t\t\t\t<\/div>\n\t\t\t\t<section class=\"elementor-section elementor-inner-section elementor-element elementor-element-776c062 elementor-section-boxed elementor-section-height-default elementor-section-height-default\" data-id=\"776c062\" data-element_type=\"section\" data-e-type=\"section\">\n\t\t\t\t\t\t<div class=\"elementor-container elementor-column-gap-default\">\n\t\t\t\t\t<div class=\"elementor-column elementor-col-100 elementor-inner-column elementor-element elementor-element-cfca00c\" data-id=\"cfca00c\" data-element_type=\"column\" data-e-type=\"column\">\n\t\t\t<div class=\"elementor-widget-wrap elementor-element-populated\">\n\t\t\t\t\t\t<div class=\"elementor-element elementor-element-91c6e0c elementor-widget elementor-widget-text-editor\" data-id=\"91c6e0c\" data-element_type=\"widget\" data-e-type=\"widget\" data-widget_type=\"text-editor.default\">\n\t\t\t\t<div class=\"elementor-widget-container\">\n\t\t\t\t\t\t\t\t\t<p><span data-contrast=\"none\" xml:lang=\"DE\" lang=\"DE\" class=\"TextRun SCXW256977443 BCX8\"><span class=\"NormalTextRun SCXW256977443 BCX8\">Die Softwarepakete von NDI unterst\u00fctzen die schnelle Konfiguration, Validierung und Integration der Polaris- und Aurora-Trackingtechnologie und reduzieren so die Konfigurations- und Integrationszeit f\u00fcr OEM-Entwicklungsteams.<\/span><\/span><\/p>\t\t\t\t\t\t\t\t<\/div>\n\t\t\t\t<\/div>\n\t\t\t\t\t<\/div>\n\t\t<\/div>\n\t\t\t\t\t<\/div>\n\t\t<\/section>\n\t\t\t\t\t<\/div>\n\t\t<\/div>\n\t\t\t\t<div class=\"elementor-column elementor-col-50 elementor-top-column elementor-element elementor-element-b7a5164\" data-id=\"b7a5164\" data-element_type=\"column\" data-e-type=\"column\">\n\t\t\t<div class=\"elementor-widget-wrap\">\n\t\t\t\t\t\t\t<\/div>\n\t\t<\/div>\n\t\t\t\t\t<\/div>\n\t\t<\/section>\n\t\t<div class=\"elementor-element elementor-element-f50ece5 e-flex e-con-boxed e-con e-parent\" data-id=\"f50ece5\" data-element_type=\"container\" data-e-type=\"container\" data-settings=\"{&quot;background_background&quot;:&quot;gradient&quot;}\" data-no-translation=\"\">\n\t\t\t\t\t<div class=\"e-con-inner\">\n\t\t<div class=\"elementor-element elementor-element-0c81b5c e-con-full e-flex e-con e-child\" data-id=\"0c81b5c\" data-element_type=\"container\" data-e-type=\"container\">\n\t\t\t\t<div class=\"elementor-element elementor-element-0f5bfa7 elementor-widget elementor-widget-heading\" data-id=\"0f5bfa7\" data-element_type=\"widget\" data-e-type=\"widget\" data-widget_type=\"heading.default\">\n\t\t\t\t<div class=\"elementor-widget-container\">\n\t\t\t\t\t<h2 class=\"elementor-heading-title elementor-size-default\">NDI-Toolbox\u2122<\/h2>\t\t\t\t<\/div>\n\t\t\t\t<\/div>\n\t\t\t\t<div class=\"elementor-element elementor-element-2bdc1ff elementor-widget elementor-widget-text-editor\" data-id=\"2bdc1ff\" data-element_type=\"widget\" data-e-type=\"widget\" data-widget_type=\"text-editor.default\">\n\t\t\t\t<div class=\"elementor-widget-container\">\n\t\t\t\t\t\t\t\t\t<p><span data-contrast=\"none\" xml:lang=\"DE\" lang=\"DE\" class=\"TextRun SCXW64052165 BCX8\"><span class=\"NormalTextRun SCXW64052165 BCX8\">Ein umfassendes Utility-Software-Paket f\u00fcr die Konfiguration, Aktualisierung und Validierung von NDI-Tracking-Plattformen. Toolbox bietet eine einzige Schnittstelle f\u00fcr die f\u00fcr die Plattformkonfiguration, Fehlerbehebung und Visualisierung von Positionsdaten.\u202f<\/span><\/span><\/p><ul><li><span data-contrast=\"none\" xml:lang=\"DE\" lang=\"DE\" class=\"TextRun SCXW64052165 BCX8\"><span class=\"NormalTextRun SCXW64052165 BCX8\">Enth\u00e4lt einen integrierten Video-Client f\u00fcr das Streaming mit dem optischen Tracker Polaris Vega VT<\/span><\/span><\/li><li>Werkzeuge verfolgen, Daten sammeln und speichern<\/li><li>Konfigurieren, aktualisieren, Fehler beheben und testen<\/li><li>Windows, Mac und Linux<\/li><\/ul>\t\t\t\t\t\t\t\t<\/div>\n\t\t\t\t<\/div>\n\t\t\t\t<\/div>\n\t\t<div class=\"elementor-element elementor-element-39ef6b4 e-con-full e-flex e-con e-child\" data-id=\"39ef6b4\" data-element_type=\"container\" data-e-type=\"container\" data-settings=\"{&quot;background_background&quot;:&quot;classic&quot;}\">\n\t\t\t\t<div class=\"elementor-element elementor-element-6265644 elementor-widget elementor-widget-image\" data-id=\"6265644\" data-element_type=\"widget\" data-e-type=\"widget\" data-widget_type=\"image.default\">\n\t\t\t\t<div class=\"elementor-widget-container\">\n\t\t\t\t\t\t\t\t\t\t\t\t\t\t\t<img fetchpriority=\"high\" decoding=\"async\" width=\"1024\" height=\"683\" src=\"https:\/\/www.ndigital.com\/wp-content\/uploads\/2026\/04\/Toolbox-1024x683.jpg\" class=\"attachment-large size-large wp-image-3649\" alt=\"\" srcset=\"https:\/\/www.ndigital.com\/wp-content\/uploads\/2026\/04\/Toolbox-1024x683.jpg 1024w, https:\/\/www.ndigital.com\/wp-content\/uploads\/2026\/04\/Toolbox-300x200.jpg 300w, https:\/\/www.ndigital.com\/wp-content\/uploads\/2026\/04\/Toolbox-768x512.jpg 768w, https:\/\/www.ndigital.com\/wp-content\/uploads\/2026\/04\/Toolbox-18x12.jpg 18w, https:\/\/www.ndigital.com\/wp-content\/uploads\/2026\/04\/Toolbox-930x620.jpg 930w, https:\/\/www.ndigital.com\/wp-content\/uploads\/2026\/04\/Toolbox.jpg 1080w\" sizes=\"(max-width: 1024px) 100vw, 1024px\" \/>\t\t\t\t\t\t\t\t\t\t\t\t\t\t\t<\/div>\n\t\t\t\t<\/div>\n\t\t\t\t<\/div>\n\t\t\t\t\t<\/div>\n\t\t\t\t<\/div>\n\t\t<div class=\"elementor-element elementor-element-ff09ccf e-flex e-con-boxed e-con e-parent\" data-id=\"ff09ccf\" data-element_type=\"container\" data-e-type=\"container\" data-settings=\"{&quot;background_background&quot;:&quot;classic&quot;}\" data-no-translation=\"\">\n\t\t\t\t\t<div class=\"e-con-inner\">\n\t\t<div class=\"elementor-element elementor-element-baa7178 e-con-full e-flex e-con e-child\" data-id=\"baa7178\" data-element_type=\"container\" data-e-type=\"container\">\n\t\t\t\t<div class=\"elementor-element elementor-element-0fe1892 elementor-widget elementor-widget-heading\" data-id=\"0fe1892\" data-element_type=\"widget\" data-e-type=\"widget\" data-widget_type=\"heading.default\">\n\t\t\t\t<div class=\"elementor-widget-container\">\n\t\t\t\t\t<h2 class=\"elementor-heading-title elementor-size-default\">Cygna-6D\u2122<\/h2>\t\t\t\t<\/div>\n\t\t\t\t<\/div>\n\t\t\t\t<div class=\"elementor-element elementor-element-f0c3cd0 elementor-widget elementor-widget-text-editor\" data-id=\"f0c3cd0\" data-element_type=\"widget\" data-e-type=\"widget\" data-widget_type=\"text-editor.default\">\n\t\t\t\t<div class=\"elementor-widget-container\">\n\t\t\t\t\t\t\t\t\t<p><span data-contrast=\"none\" xml:lang=\"DE\" lang=\"DE\" class=\"TextRun SCXW37956285 BCX8\"><span class=\"NormalTextRun SCXW37956285 BCX8\">Eine Softwareanwendung, die die Charakterisierung f\u00fcr NDI-Tracking-Plattformen unterst\u00fctzt:<\/span><\/span> \u00a0\u00a0<\/p><ul><li>Eigene Tracking-Werkzeuge charakterisieren<\/li><li>Eigenen Referenzursprung definieren<\/li><li>Werkzeugdefinitionsdateien erstellen und programmieren<\/li><\/ul>\t\t\t\t\t\t\t\t<\/div>\n\t\t\t\t<\/div>\n\t\t\t\t<\/div>\n\t\t<div class=\"elementor-element elementor-element-15a3855 e-con-full e-flex e-con e-child\" data-id=\"15a3855\" data-element_type=\"container\" data-e-type=\"container\" data-settings=\"{&quot;background_background&quot;:&quot;classic&quot;}\">\n\t\t\t\t<div class=\"elementor-element elementor-element-3db0ad2 elementor-widget elementor-widget-image\" data-id=\"3db0ad2\" data-element_type=\"widget\" data-e-type=\"widget\" data-widget_type=\"image.default\">\n\t\t\t\t<div class=\"elementor-widget-container\">\n\t\t\t\t\t\t\t\t\t\t\t\t\t\t\t<img decoding=\"async\" width=\"1024\" height=\"640\" src=\"https:\/\/www.ndigital.com\/wp-content\/uploads\/2026\/04\/Cygna-6D-Screen-1024x640.jpg\" class=\"attachment-large size-large wp-image-3652\" alt=\"\" srcset=\"https:\/\/www.ndigital.com\/wp-content\/uploads\/2026\/04\/Cygna-6D-Screen-1024x640.jpg 1024w, https:\/\/www.ndigital.com\/wp-content\/uploads\/2026\/04\/Cygna-6D-Screen-300x188.jpg 300w, https:\/\/www.ndigital.com\/wp-content\/uploads\/2026\/04\/Cygna-6D-Screen-768x480.jpg 768w, https:\/\/www.ndigital.com\/wp-content\/uploads\/2026\/04\/Cygna-6D-Screen-18x12.jpg 18w, https:\/\/www.ndigital.com\/wp-content\/uploads\/2026\/04\/Cygna-6D-Screen.jpg 1080w\" sizes=\"(max-width: 1024px) 100vw, 1024px\" \/>\t\t\t\t\t\t\t\t\t\t\t\t\t\t\t<\/div>\n\t\t\t\t<\/div>\n\t\t\t\t<\/div>\n\t\t\t\t\t<\/div>\n\t\t\t\t<\/div>\n\t\t<div class=\"elementor-element elementor-element-50e7361 e-flex e-con-boxed e-con e-parent\" data-id=\"50e7361\" data-element_type=\"container\" data-e-type=\"container\" data-no-translation=\"\">\n\t\t\t\t\t<div class=\"e-con-inner\">\n\t\t<div class=\"elementor-element elementor-element-2a2e0fd e-con-full e-flex e-con e-child\" data-id=\"2a2e0fd\" data-element_type=\"container\" data-e-type=\"container\">\n\t\t\t\t<div class=\"elementor-element elementor-element-58179ad elementor-widget elementor-widget-heading\" data-id=\"58179ad\" data-element_type=\"widget\" data-e-type=\"widget\" data-widget_type=\"heading.default\">\n\t\t\t\t<div class=\"elementor-widget-container\">\n\t\t\t\t\t<h2 class=\"elementor-heading-title elementor-size-default\">Beispielcode und API-Unterst\u00fctzung<\/h2>\t\t\t\t<\/div>\n\t\t\t\t<\/div>\n\t\t\t\t<div class=\"elementor-element elementor-element-ea37818 elementor-widget elementor-widget-text-editor\" data-id=\"ea37818\" data-element_type=\"widget\" data-e-type=\"widget\" data-widget_type=\"text-editor.default\">\n\t\t\t\t<div class=\"elementor-widget-container\">\n\t\t\t\t\t\t\t\t\t<p><span data-contrast=\"none\" xml:lang=\"DE\" lang=\"DE\" class=\"TextRun SCXW217638146 BCX8\"><span class=\"NormalTextRun SCXW217638146 BCX8\">Entwickelt zur Unterst\u00fctzung von OEMs in allen Phasen ihrer Entwicklung f\u00fcr die direkte Integration in OEM-Host-Software, mit mehr als 50\u202fBefehlen und 100\u202fParametern. Es bietet<\/span><\/span><span data-contrast=\"none\" xml:lang=\"DE\" lang=\"DE\" class=\"TextRun SCXW217638146 BCX8\"><span class=\"NormalTextRun SCXW217638146 BCX8\"><span>\u00a0<\/span>Kontrolle \u00fcber die Tracking-Konfiguration, Daten-Streaming, Messraten und Werkzeugtransformationen<\/span><\/span><span data-contrast=\"none\" xml:lang=\"DE\" lang=\"DE\" class=\"TextRun SCXW217638146 BCX8\"><span class=\"NormalTextRun SCXW217638146 BCX8\">,<\/span><\/span><span data-contrast=\"none\" xml:lang=\"DE\" lang=\"DE\" class=\"TextRun SCXW217638146 BCX8\"><span class=\"NormalTextRun SCXW217638146 BCX8\">\u202f<\/span><\/span><span data-contrast=\"none\" xml:lang=\"DE\" lang=\"DE\" class=\"TextRun SCXW217638146 BCX8\"><span class=\"NormalTextRun SCXW217638146 BCX8\">einschlie\u00dflich spezieller Funktionen f\u00fcr videof\u00e4hige Systeme.<\/span><\/span><span data-contrast=\"none\" xml:lang=\"DE\" lang=\"DE\" class=\"TextRun SCXW217638146 BCX8\"><span class=\"NormalTextRun SCXW217638146 BCX8\">\u202f<\/span><\/span><span data-contrast=\"none\" xml:lang=\"DE\" lang=\"DE\" class=\"TextRun SCXW217638146 BCX8\"><span class=\"NormalTextRun SCXW217638146 BCX8\"><span>\u00a0<\/span>Beispielhafter Quellcode verf\u00fcgbar (C++, C#, MATLAB und Python).\u202f<\/span><\/span><span class=\"EOP Selected SCXW217638146 BCX8\" data-ccp-props=\"{}\">\u00a0<\/span><\/p>\t\t\t\t\t\t\t\t<\/div>\n\t\t\t\t<\/div>\n\t\t\t\t<\/div>\n\t\t\t\t\t<\/div>\n\t\t\t\t<\/div>\n\t\t\t\t<\/div>","protected":false},"excerpt":{"rendered":"<p>Developer Software PackagesNDI software packages support quick configuration, validation, and integration of Polaris\u00ae and Aurora\u00ae tracking technology, reducing configuration and integration time for OEM development teams. \u00a0Software-Pakete f\u00fcr Entwickler*innenDie Softwarepakete von NDI unterst\u00fctzen die schnelle Konfiguration, Validierung und Integration der Polaris- und Aurora-Trackingtechnologie und reduzieren so die Konfigurations- und Integrationszeit f\u00fcr OEM-Entwicklungsteams.\u5f00\u53d1\u8005\u8f6f\u4ef6\u5957\u4ef6NDI \u8f6f\u4ef6\u5957\u4ef6\u652f\u6301\u5feb\u901f\u914d\u7f6e\u3001\u9a8c\u8bc1\u5e76\u96c6\u6210 Polaris \u4e0e&hellip;&nbsp;<a href=\"https:\/\/www.ndigital.com\/de\/software\/\" rel=\"bookmark\">Weiterlesen &raquo;<span class=\"screen-reader-text\">Developer Software Packages<\/span><\/a><\/p>","protected":false},"author":3,"featured_media":0,"parent":0,"menu_order":0,"comment_status":"closed","ping_status":"closed","template":"elementor_header_footer","meta":{"neve_meta_sidebar":"full-width","neve_meta_container":"full-width","neve_meta_enable_content_width":"on","neve_meta_content_width":100,"neve_meta_title_alignment":"","neve_meta_author_avatar":"","neve_post_elements_order":"","neve_meta_disable_header":"","neve_meta_disable_footer":"","neve_meta_disable_title":"","footnotes":""},"categories":[],"tags":[],"class_list":["post-433","page","type-page","status-publish","hentry"],"yoast_head":"<!-- This site is optimized with the Yoast SEO plugin v27.5 - https:\/\/yoast.com\/product\/yoast-seo-wordpress\/ -->\n<title>Developer Software &amp; APIs for OEM Tracking | NDI<\/title>\n<meta name=\"description\" content=\"Configure, characterize, and integrate NDI Polaris and Aurora tracking with NDI Toolbox, Cygna-6D, and sample code. C++, C#, MATLAB, and Python support.\" \/>\n<meta name=\"robots\" content=\"index, follow, max-snippet:-1, max-image-preview:large, max-video-preview:-1\" \/>\n<link rel=\"canonical\" href=\"https:\/\/www.ndigital.com\/de\/software\/\" \/>\n<meta property=\"og:locale\" content=\"de_DE\" \/>\n<meta property=\"og:type\" content=\"article\" \/>\n<meta property=\"og:title\" content=\"Developer Software &amp; APIs for OEM Tracking | NDI\" \/>\n<meta property=\"og:description\" content=\"Configure, characterize, and integrate NDI Polaris and Aurora tracking with NDI Toolbox, Cygna-6D, and sample code. C++, C#, MATLAB, and Python support.\" \/>\n<meta property=\"og:url\" content=\"https:\/\/www.ndigital.com\/de\/software\/\" \/>\n<meta property=\"og:site_name\" content=\"NDI\" \/>\n<meta property=\"article:modified_time\" content=\"2026-04-29T14:57:07+00:00\" \/>\n<meta property=\"og:image\" content=\"https:\/\/www.ndigital.com\/wp-content\/uploads\/2026\/04\/Toolbox.jpg\" \/>\n\t<meta property=\"og:image:width\" content=\"1080\" \/>\n\t<meta property=\"og:image:height\" content=\"720\" \/>\n\t<meta property=\"og:image:type\" content=\"image\/jpeg\" \/>\n<meta name=\"twitter:card\" content=\"summary_large_image\" \/>\n<meta name=\"twitter:site\" content=\"@ndimeasurement\" \/>\n<meta name=\"twitter:label1\" content=\"Gesch\u00e4tzte Lesezeit\" \/>\n\t<meta name=\"twitter:data1\" content=\"3 Minuten\" \/>\n<script type=\"application\/ld+json\" class=\"yoast-schema-graph\">{\"@context\":\"https:\\\/\\\/schema.org\",\"@graph\":[{\"@type\":\"WebPage\",\"@id\":\"https:\\\/\\\/www.ndigital.com\\\/software\\\/\",\"url\":\"https:\\\/\\\/www.ndigital.com\\\/software\\\/\",\"name\":\"Developer Software & APIs for OEM Tracking | NDI\",\"isPartOf\":{\"@id\":\"https:\\\/\\\/www.ndigital.com\\\/#website\"},\"primaryImageOfPage\":{\"@id\":\"https:\\\/\\\/www.ndigital.com\\\/software\\\/#primaryimage\"},\"image\":{\"@id\":\"https:\\\/\\\/www.ndigital.com\\\/software\\\/#primaryimage\"},\"thumbnailUrl\":\"https:\\\/\\\/www.ndigital.com\\\/wp-content\\\/uploads\\\/2026\\\/04\\\/Toolbox-1024x683.jpg\",\"datePublished\":\"2020-08-10T14:06:20+00:00\",\"dateModified\":\"2026-04-29T14:57:07+00:00\",\"description\":\"Configure, characterize, and integrate NDI Polaris and Aurora tracking with NDI Toolbox, Cygna-6D, and sample code. C++, C#, MATLAB, and Python support.\",\"breadcrumb\":{\"@id\":\"https:\\\/\\\/www.ndigital.com\\\/software\\\/#breadcrumb\"},\"inLanguage\":\"de-DE\",\"potentialAction\":[{\"@type\":\"ReadAction\",\"target\":[\"https:\\\/\\\/www.ndigital.com\\\/software\\\/\"]}]},{\"@type\":\"ImageObject\",\"inLanguage\":\"de-DE\",\"@id\":\"https:\\\/\\\/www.ndigital.com\\\/software\\\/#primaryimage\",\"url\":\"https:\\\/\\\/www.ndigital.com\\\/wp-content\\\/uploads\\\/2026\\\/04\\\/Toolbox-1024x683.jpg\",\"contentUrl\":\"https:\\\/\\\/www.ndigital.com\\\/wp-content\\\/uploads\\\/2026\\\/04\\\/Toolbox-1024x683.jpg\"},{\"@type\":\"BreadcrumbList\",\"@id\":\"https:\\\/\\\/www.ndigital.com\\\/software\\\/#breadcrumb\",\"itemListElement\":[{\"@type\":\"ListItem\",\"position\":1,\"name\":\"Home\",\"item\":\"https:\\\/\\\/www.ndigital.com\\\/\"},{\"@type\":\"ListItem\",\"position\":2,\"name\":\"Developer Software Packages\"}]},{\"@type\":\"WebSite\",\"@id\":\"https:\\\/\\\/www.ndigital.com\\\/#website\",\"url\":\"https:\\\/\\\/www.ndigital.com\\\/\",\"name\":\"NDI\",\"description\":\"Northern Digital Inc.\",\"publisher\":{\"@id\":\"https:\\\/\\\/www.ndigital.com\\\/#organization\"},\"potentialAction\":[{\"@type\":\"SearchAction\",\"target\":{\"@type\":\"EntryPoint\",\"urlTemplate\":\"https:\\\/\\\/www.ndigital.com\\\/?s={search_term_string}\"},\"query-input\":{\"@type\":\"PropertyValueSpecification\",\"valueRequired\":true,\"valueName\":\"search_term_string\"}}],\"inLanguage\":\"de-DE\"},{\"@type\":\"Organization\",\"@id\":\"https:\\\/\\\/www.ndigital.com\\\/#organization\",\"name\":\"NDI (Northern Digital Inc.)\",\"url\":\"https:\\\/\\\/www.ndigital.com\\\/\",\"logo\":{\"@type\":\"ImageObject\",\"inLanguage\":\"de-DE\",\"@id\":\"https:\\\/\\\/www.ndigital.com\\\/#\\\/schema\\\/logo\\\/image\\\/\",\"url\":\"https:\\\/\\\/www.ndigital.com\\\/wp-content\\\/uploads\\\/2020\\\/06\\\/NDI.svg\",\"contentUrl\":\"https:\\\/\\\/www.ndigital.com\\\/wp-content\\\/uploads\\\/2020\\\/06\\\/NDI.svg\",\"width\":1,\"height\":1,\"caption\":\"NDI (Northern Digital Inc.)\"},\"image\":{\"@id\":\"https:\\\/\\\/www.ndigital.com\\\/#\\\/schema\\\/logo\\\/image\\\/\"},\"sameAs\":[\"https:\\\/\\\/x.com\\\/ndimeasurement\",\"https:\\\/\\\/ca.linkedin.com\\\/company\\\/northern-digital-inc-ndi\"]}]}<\/script>\n<!-- \/ Yoast SEO plugin. -->","yoast_head_json":{"title":"Developer Software & APIs for OEM Tracking | NDI","description":"Configure, characterize, and integrate NDI Polaris and Aurora tracking with NDI Toolbox, Cygna-6D, and sample code. C++, C#, MATLAB, and Python support.","robots":{"index":"index","follow":"follow","max-snippet":"max-snippet:-1","max-image-preview":"max-image-preview:large","max-video-preview":"max-video-preview:-1"},"canonical":"https:\/\/www.ndigital.com\/de\/software\/","og_locale":"de_DE","og_type":"article","og_title":"Developer Software & APIs for OEM Tracking | NDI","og_description":"Configure, characterize, and integrate NDI Polaris and Aurora tracking with NDI Toolbox, Cygna-6D, and sample code. C++, C#, MATLAB, and Python support.","og_url":"https:\/\/www.ndigital.com\/de\/software\/","og_site_name":"NDI","article_modified_time":"2026-04-29T14:57:07+00:00","og_image":[{"width":1080,"height":720,"url":"https:\/\/www.ndigital.com\/wp-content\/uploads\/2026\/04\/Toolbox.jpg","type":"image\/jpeg"}],"twitter_card":"summary_large_image","twitter_site":"@ndimeasurement","twitter_misc":{"Gesch\u00e4tzte Lesezeit":"3 Minuten"},"schema":{"@context":"https:\/\/schema.org","@graph":[{"@type":"WebPage","@id":"https:\/\/www.ndigital.com\/software\/","url":"https:\/\/www.ndigital.com\/software\/","name":"Developer Software & APIs for OEM Tracking | NDI","isPartOf":{"@id":"https:\/\/www.ndigital.com\/#website"},"primaryImageOfPage":{"@id":"https:\/\/www.ndigital.com\/software\/#primaryimage"},"image":{"@id":"https:\/\/www.ndigital.com\/software\/#primaryimage"},"thumbnailUrl":"https:\/\/www.ndigital.com\/wp-content\/uploads\/2026\/04\/Toolbox-1024x683.jpg","datePublished":"2020-08-10T14:06:20+00:00","dateModified":"2026-04-29T14:57:07+00:00","description":"Configure, characterize, and integrate NDI Polaris and Aurora tracking with NDI Toolbox, Cygna-6D, and sample code. C++, C#, MATLAB, and Python support.","breadcrumb":{"@id":"https:\/\/www.ndigital.com\/software\/#breadcrumb"},"inLanguage":"de-DE","potentialAction":[{"@type":"ReadAction","target":["https:\/\/www.ndigital.com\/software\/"]}]},{"@type":"ImageObject","inLanguage":"de-DE","@id":"https:\/\/www.ndigital.com\/software\/#primaryimage","url":"https:\/\/www.ndigital.com\/wp-content\/uploads\/2026\/04\/Toolbox-1024x683.jpg","contentUrl":"https:\/\/www.ndigital.com\/wp-content\/uploads\/2026\/04\/Toolbox-1024x683.jpg"},{"@type":"BreadcrumbList","@id":"https:\/\/www.ndigital.com\/software\/#breadcrumb","itemListElement":[{"@type":"ListItem","position":1,"name":"Home","item":"https:\/\/www.ndigital.com\/"},{"@type":"ListItem","position":2,"name":"Developer Software Packages"}]},{"@type":"WebSite","@id":"https:\/\/www.ndigital.com\/#website","url":"https:\/\/www.ndigital.com\/","name":"NDI","description":"Northern Digital Inc.","publisher":{"@id":"https:\/\/www.ndigital.com\/#organization"},"potentialAction":[{"@type":"SearchAction","target":{"@type":"EntryPoint","urlTemplate":"https:\/\/www.ndigital.com\/?s={search_term_string}"},"query-input":{"@type":"PropertyValueSpecification","valueRequired":true,"valueName":"search_term_string"}}],"inLanguage":"de-DE"},{"@type":"Organization","@id":"https:\/\/www.ndigital.com\/#organization","name":"NDI (Northern Digital Inc.)","url":"https:\/\/www.ndigital.com\/","logo":{"@type":"ImageObject","inLanguage":"de-DE","@id":"https:\/\/www.ndigital.com\/#\/schema\/logo\/image\/","url":"https:\/\/www.ndigital.com\/wp-content\/uploads\/2020\/06\/NDI.svg","contentUrl":"https:\/\/www.ndigital.com\/wp-content\/uploads\/2020\/06\/NDI.svg","width":1,"height":1,"caption":"NDI (Northern Digital Inc.)"},"image":{"@id":"https:\/\/www.ndigital.com\/#\/schema\/logo\/image\/"},"sameAs":["https:\/\/x.com\/ndimeasurement","https:\/\/ca.linkedin.com\/company\/northern-digital-inc-ndi"]}]}},"_links":{"self":[{"href":"https:\/\/www.ndigital.com\/de\/wp-json\/wp\/v2\/pages\/433","targetHints":{"allow":["GET"]}}],"collection":[{"href":"https:\/\/www.ndigital.com\/de\/wp-json\/wp\/v2\/pages"}],"about":[{"href":"https:\/\/www.ndigital.com\/de\/wp-json\/wp\/v2\/types\/page"}],"author":[{"embeddable":true,"href":"https:\/\/www.ndigital.com\/de\/wp-json\/wp\/v2\/users\/3"}],"replies":[{"embeddable":true,"href":"https:\/\/www.ndigital.com\/de\/wp-json\/wp\/v2\/comments?post=433"}],"version-history":[{"count":0,"href":"https:\/\/www.ndigital.com\/de\/wp-json\/wp\/v2\/pages\/433\/revisions"}],"wp:attachment":[{"href":"https:\/\/www.ndigital.com\/de\/wp-json\/wp\/v2\/media?parent=433"}],"wp:term":[{"taxonomy":"category","embeddable":true,"href":"https:\/\/www.ndigital.com\/de\/wp-json\/wp\/v2\/categories?post=433"},{"taxonomy":"post_tag","embeddable":true,"href":"https:\/\/www.ndigital.com\/de\/wp-json\/wp\/v2\/tags?post=433"}],"curies":[{"name":"wp","href":"https:\/\/api.w.org\/{rel}","templated":true}]}}